{"id":47,"date":"2022-09-05T09:49:39","date_gmt":"2022-09-05T12:49:39","guid":{"rendered":"https:\/\/test.quiropraxiaemsantos.com.br\/?page_id=47"},"modified":"2022-09-05T10:57:47","modified_gmt":"2022-09-05T13:57:47","slug":"para-empresas","status":"publish","type":"page","link":"https:\/\/test.quiropraxiaemsantos.com.br\/index.php\/para-empresas\/","title":{"rendered":"Para Empresas"},"content":{"rendered":"\t\t<div data-elementor-type=\"wp-page\" data-elementor-id=\"47\" class=\"elementor elementor-47\">\n\t\t\t\t\t\t<section class=\"elementor-section elementor-top-section elementor-element elementor-element-712d625 elementor-section-boxed elementor-section-height-default elementor-section-height-default\" data-id=\"712d625\" data-element_type=\"section\">\n\t\t\t\t\t\t<div class=\"elementor-container elementor-column-gap-default\">\n\t\t\t\t\t<div class=\"elementor-column elementor-col-100 elementor-top-column elementor-element elementor-element-b95b52f\" data-id=\"b95b52f\" data-element_type=\"column\">\n\t\t\t<div class=\"elementor-widget-wrap elementor-element-populated\">\n\t\t\t\t\t\t<div class=\"elementor-element elementor-element-c09dbc2 elementor-widget elementor-widget-heading\" data-id=\"c09dbc2\" data-element_type=\"widget\" data-widget_type=\"heading.default\">\n\t\t\t\t<div class=\"elementor-widget-container\">\n\t\t\t\t\t<h2 class=\"elementor-heading-title elementor-size-default\"><h3 style=\", Helvetica, Arial, sans-serif;line-height: 1.1;margin-top: 20px;margin-bottom: 10px;font-size: 24px;white-space: normal\"><span style=\"color: var( --e-global-color-primary );font-family: var( --e-global-typography-primary-font-family ), Sans-serif;font-size: 1.625rem;font-weight: var( --e-global-typography-primary-font-weight );white-space: pre-wrap\">Conhe\u00e7a os benef\u00edcios<\/span><span style=\"color: var( --e-global-color-primary );font-family: var( --e-global-typography-primary-font-family ), Sans-serif;font-size: 1.625rem;font-weight: var( --e-global-typography-primary-font-weight );white-space: pre-wrap\"> que a Quiropraxia pode promover a sua empresa<\/span><\/h3><\/h2>\t\t\t\t<\/div>\n\t\t\t\t<\/div>\n\t\t\t\t\t<\/div>\n\t\t<\/div>\n\t\t\t\t\t<\/div>\n\t\t<\/section>\n\t\t\t\t<section class=\"elementor-section elementor-top-section elementor-element elementor-element-eaa7036 elementor-section-boxed elementor-section-height-default elementor-section-height-default\" data-id=\"eaa7036\" data-element_type=\"section\">\n\t\t\t\t\t\t<div class=\"elementor-container elementor-column-gap-default\">\n\t\t\t\t\t<div class=\"elementor-column elementor-col-100 elementor-top-column elementor-element elementor-element-9210cbb\" data-id=\"9210cbb\" data-element_type=\"column\">\n\t\t\t<div class=\"elementor-widget-wrap elementor-element-populated\">\n\t\t\t\t\t\t<div class=\"elementor-element elementor-element-eecd4b9 elementor-widget elementor-widget-text-editor\" data-id=\"eecd4b9\" data-element_type=\"widget\" data-widget_type=\"text-editor.default\">\n\t\t\t\t<div class=\"elementor-widget-container\">\n\t\t\t\t\t\t\t\t\t<p>A globaliza\u00e7\u00e3o causou diversas influ\u00eancias sobre os trabalhadores, exigindo a apresenta\u00e7\u00e3o de resultados em tempo mais r\u00e1pido, atingindo metas que aumentam a todo o momento. Exig\u00eancias somadas \u00e0 diminui\u00e7\u00e3o de custos e aumento de produtividade faz com que o ser humano empreenda mais esfor\u00e7os e tempo ao trabalho, podendo afetar sua sa\u00fade.<\/p><p>Dist\u00farbios osteomusculares relacionados ao trabalho podem gerar diferentes graus de incapacidade funcional, sendo considerado um dos mais graves problemas no campo da sa\u00fade do trabalhado.<\/p><p>Esses dist\u00farbios vem crescendo progressivamente nas estat\u00edsticas dos servi\u00e7os de sa\u00fade, acometendo principalmente trabalhadores entre 25 e 40 anos de idade, per\u00edodo em que o trabalhador est\u00e1 em plena fase produtiva.<\/p><p>Problemas relacionados a coluna vertebral, s\u00e3o a preval\u00eancia de dores podendo ultrapassar a marca dos 70% nos trabalhadores em geral.<\/p><p>Pensando nisso criamos o projeto &#8220;Quiropraxia nas empresas&#8221; que tem o objetivo de aliviar e eliminar principalmente as dores na coluna vertebral, corrigir altera\u00e7\u00f5es posturais, melhorando a capacidade funcional dos trabalhadores, al\u00e9m de dar melhores condi\u00e7\u00f5es, atrav\u00e9s da adequa\u00e7\u00e3o dos postos de trabalho e orienta\u00e7\u00f5es sobre cuidados que se deve ter afim de potencializar a sa\u00fade e melhorar a qualidade de vida.<\/p><p>A quiropraxia traz benef\u00edcios tanto aos usu\u00e1rios do tratamento como as empresas, quando reduzem as faltas por motivos de sa\u00fade e custos tribut\u00e1rios a previd\u00eancia.<\/p><p><span style=\"color: var( --e-global-color-text ); font-family: var( --e-global-typography-text-font-family ), Sans-serif; font-weight: var( --e-global-typography-text-font-weight ); font-size: 1rem;\">Tratamento e preven\u00e7\u00e3o de les\u00f5es ocupacionais<br \/><\/span><\/p><ul><li style=\"list-style-type: none;\"><ul><li style=\"list-style-type: none;\"><ul><li><span style=\"color: var( --e-global-color-text ); font-family: var( --e-global-typography-text-font-family ), Sans-serif; font-weight: var( --e-global-typography-text-font-weight ); font-size: 1rem;\">Orienta\u00e7\u00e3o postural<\/span><\/li><li><span style=\"color: var( --e-global-color-text ); font-family: var( --e-global-typography-text-font-family ), Sans-serif; font-weight: var( --e-global-typography-text-font-weight ); font-size: 1rem;\">Exerc\u00edcios laborais<\/span><\/li><li><span style=\"color: var( --e-global-color-text ); font-family: var( --e-global-typography-text-font-family ), Sans-serif; font-weight: var( --e-global-typography-text-font-weight ); font-size: 1rem;\">Avalia\u00e7\u00e3o ergon\u00f4mica<\/span><\/li><li><span style=\"color: var( --e-global-color-text ); font-family: var( --e-global-typography-text-font-family ), Sans-serif; font-weight: var( --e-global-typography-text-font-weight ); font-size: 1rem;\">Al\u00edvio do estresse<\/span><\/li><\/ul><\/li><\/ul><\/li><\/ul>\t\t\t\t\t\t\t\t<\/div>\n\t\t\t\t<\/div>\n\t\t\t\t\t<\/div>\n\t\t<\/div>\n\t\t\t\t\t<\/div>\n\t\t<\/section>\n\t\t\t\t<\/div>\n\t\t","protected":false},"excerpt":{"rendered":"<p>Conhe\u00e7a os benef\u00edcios que a Quiropraxia pode promover a sua empresa A globaliza\u00e7\u00e3o causou diversas influ\u00eancias sobre os trabalhadores, exigindo a apresenta\u00e7\u00e3o de resultados em tempo mais r\u00e1pido, atingindo metas que aumentam a todo o momento. Exig\u00eancias somadas \u00e0 diminui\u00e7\u00e3o de custos e aumento de produtividade faz com que o ser humano empreenda mais esfor\u00e7os &hellip; <\/p>\n<p class=\"link-more\"><a href=\"https:\/\/test.quiropraxiaemsantos.com.br\/index.php\/para-empresas\/\" class=\"more-link\">Continue lendo<span class=\"screen-reader-text\"> &#8220;Para Empresas&#8221;<\/span><\/a><\/p>\n","protected":false},"author":1,"featured_media":0,"parent":0,"menu_order":0,"comment_status":"closed","ping_status":"closed","template":"elementor_header_footer","meta":{"footnotes":""},"class_list":["post-47","page","type-page","status-publish","hentry"],"_links":{"self":[{"href":"https:\/\/test.quiropraxiaemsantos.com.br\/index.php\/wp-json\/wp\/v2\/pages\/47","targetHints":{"allow":["GET"]}}],"collection":[{"href":"https:\/\/test.quiropraxiaemsantos.com.br\/index.php\/wp-json\/wp\/v2\/pages"}],"about":[{"href":"https:\/\/test.quiropraxiaemsantos.com.br\/index.php\/wp-json\/wp\/v2\/types\/page"}],"author":[{"embeddable":true,"href":"https:\/\/test.quiropraxiaemsantos.com.br\/index.php\/wp-json\/wp\/v2\/users\/1"}],"replies":[{"embeddable":true,"href":"https:\/\/test.quiropraxiaemsantos.com.br\/index.php\/wp-json\/wp\/v2\/comments?post=47"}],"version-history":[{"count":16,"href":"https:\/\/test.quiropraxiaemsantos.com.br\/index.php\/wp-json\/wp\/v2\/pages\/47\/revisions"}],"predecessor-version":[{"id":106,"href":"https:\/\/test.quiropraxiaemsantos.com.br\/index.php\/wp-json\/wp\/v2\/pages\/47\/revisions\/106"}],"wp:attachment":[{"href":"https:\/\/test.quiropraxiaemsantos.com.br\/index.php\/wp-json\/wp\/v2\/media?parent=47"}],"curies":[{"name":"wp","href":"https:\/\/api.w.org\/{rel}","templated":true}]}}