{"id":42,"date":"2022-09-05T09:47:36","date_gmt":"2022-09-05T12:47:36","guid":{"rendered":"https:\/\/test.quiropraxiaemsantos.com.br\/?page_id=42"},"modified":"2022-09-05T10:56:05","modified_gmt":"2022-09-05T13:56:05","slug":"quiropraxia","status":"publish","type":"page","link":"https:\/\/test.quiropraxiaemsantos.com.br\/index.php\/quiropraxia\/","title":{"rendered":"Quiropraxia"},"content":{"rendered":"\t\t<div data-elementor-type=\"wp-page\" data-elementor-id=\"42\" class=\"elementor elementor-42\">\n\t\t\t\t\t\t<section class=\"elementor-section elementor-top-section elementor-element elementor-element-63117da elementor-section-boxed elementor-section-height-default elementor-section-height-default\" data-id=\"63117da\" data-element_type=\"section\">\n\t\t\t\t\t\t<div class=\"elementor-container elementor-column-gap-default\">\n\t\t\t\t\t<div class=\"elementor-column elementor-col-100 elementor-top-column elementor-element elementor-element-44ff105\" data-id=\"44ff105\" data-element_type=\"column\">\n\t\t\t<div class=\"elementor-widget-wrap elementor-element-populated\">\n\t\t\t\t\t\t<div class=\"elementor-element elementor-element-6438379 elementor-widget elementor-widget-heading\" data-id=\"6438379\" data-element_type=\"widget\" data-widget_type=\"heading.default\">\n\t\t\t\t<div class=\"elementor-widget-container\">\n\t\t\t\t\t<h2 class=\"elementor-heading-title elementor-size-default\">Sobre a Quiropraxia<\/h2>\t\t\t\t<\/div>\n\t\t\t\t<\/div>\n\t\t\t\t<div class=\"elementor-element elementor-element-f78bf06 elementor-widget elementor-widget-spacer\" data-id=\"f78bf06\" data-element_type=\"widget\" data-widget_type=\"spacer.default\">\n\t\t\t\t<div class=\"elementor-widget-container\">\n\t\t\t\t\t\t\t<div class=\"elementor-spacer\">\n\t\t\t<div class=\"elementor-spacer-inner\"><\/div>\n\t\t<\/div>\n\t\t\t\t\t\t<\/div>\n\t\t\t\t<\/div>\n\t\t\t\t<section class=\"elementor-section elementor-inner-section elementor-element elementor-element-d321c71 elementor-section-boxed elementor-section-height-default elementor-section-height-default\" data-id=\"d321c71\" data-element_type=\"section\">\n\t\t\t\t\t\t<div class=\"elementor-container elementor-column-gap-default\">\n\t\t\t\t\t<div class=\"elementor-column elementor-col-50 elementor-inner-column elementor-element elementor-element-1104dfd\" data-id=\"1104dfd\" data-element_type=\"column\">\n\t\t\t<div class=\"elementor-widget-wrap elementor-element-populated\">\n\t\t\t\t\t\t<div class=\"elementor-element elementor-element-0294adc elementor-position-left elementor-vertical-align-top elementor-widget elementor-widget-image-box\" data-id=\"0294adc\" data-element_type=\"widget\" data-widget_type=\"image-box.default\">\n\t\t\t\t<div class=\"elementor-widget-container\">\n\t\t\t\t\t<div class=\"elementor-image-box-wrapper\"><figure class=\"elementor-image-box-img\"><img decoding=\"async\" width=\"148\" height=\"133\" src=\"https:\/\/test.quiropraxiaemsantos.com.br\/wp-content\/uploads\/2022\/09\/coluna-subluxacao.jpg\" class=\"attachment-thumbnail size-thumbnail wp-image-78\" alt=\"\" \/><\/figure><div class=\"elementor-image-box-content\"><h3 class=\"elementor-image-box-title\">EFEITOS DA SUBLUXA\u00c7\u00c3O SOBRE OS M\u00daSCULOS<\/h3><p class=\"elementor-image-box-description\">Quando uma v\u00e9rtebra subluxa, sai de sua posi\u00e7\u00e3o , os m\u00fasculos reagem \u00e1 ela, n\u00e3o s\u00f3 os m\u00fasculos enervados pela raiz afetada, quanto aqueles que se originam ou inserem nesta v\u00e9rtebra...<\/p><\/div><\/div>\t\t\t\t<\/div>\n\t\t\t\t<\/div>\n\t\t\t\t<div class=\"elementor-element elementor-element-ae86a3c elementor-widget elementor-widget-spacer\" data-id=\"ae86a3c\" data-element_type=\"widget\" data-widget_type=\"spacer.default\">\n\t\t\t\t<div class=\"elementor-widget-container\">\n\t\t\t\t\t\t\t<div class=\"elementor-spacer\">\n\t\t\t<div class=\"elementor-spacer-inner\"><\/div>\n\t\t<\/div>\n\t\t\t\t\t\t<\/div>\n\t\t\t\t<\/div>\n\t\t\t\t<div class=\"elementor-element elementor-element-843bc5d elementor-position-left elementor-vertical-align-top elementor-widget elementor-widget-image-box\" data-id=\"843bc5d\" data-element_type=\"widget\" data-widget_type=\"image-box.default\">\n\t\t\t\t<div class=\"elementor-widget-container\">\n\t\t\t\t\t<div class=\"elementor-image-box-wrapper\"><figure class=\"elementor-image-box-img\"><img decoding=\"async\" width=\"148\" height=\"133\" src=\"https:\/\/test.quiropraxiaemsantos.com.br\/wp-content\/uploads\/2022\/09\/atendimento-degeneracoes.jpg\" class=\"attachment-full size-full wp-image-76\" alt=\"\" \/><\/figure><div class=\"elementor-image-box-content\"><h3 class=\"elementor-image-box-title\">DEGENERA\u00c7\u00d5ES DA COLUNA<\/h3><p class=\"elementor-image-box-description\">As h\u00e9rnias de disco representam uma fonte importante de dores ligadas \u00e0 coluna vertebral, mas manifestam-se principalmente com irradia\u00e7\u00e3o para os membros inferiores, com uma dor chamada de \"ci\u00e1tica\" ou ciatalgia. Esta dor se deve \u00e0 compress\u00e3o e inflama\u00e7\u00e3o no entorno de uma raiz lombar.<\/p><\/div><\/div>\t\t\t\t<\/div>\n\t\t\t\t<\/div>\n\t\t\t\t<div class=\"elementor-element elementor-element-7cc49ad elementor-widget elementor-widget-spacer\" data-id=\"7cc49ad\" data-element_type=\"widget\" data-widget_type=\"spacer.default\">\n\t\t\t\t<div class=\"elementor-widget-container\">\n\t\t\t\t\t\t\t<div class=\"elementor-spacer\">\n\t\t\t<div class=\"elementor-spacer-inner\"><\/div>\n\t\t<\/div>\n\t\t\t\t\t\t<\/div>\n\t\t\t\t<\/div>\n\t\t\t\t<div class=\"elementor-element elementor-element-06c5b0c elementor-position-left elementor-vertical-align-top elementor-widget elementor-widget-image-box\" data-id=\"06c5b0c\" data-element_type=\"widget\" data-widget_type=\"image-box.default\">\n\t\t\t\t<div class=\"elementor-widget-container\">\n\t\t\t\t\t<div class=\"elementor-image-box-wrapper\"><figure class=\"elementor-image-box-img\"><img decoding=\"async\" width=\"150\" height=\"146\" src=\"https:\/\/test.quiropraxiaemsantos.com.br\/wp-content\/uploads\/2022\/09\/pontos-da-coluna-small.jpg\" class=\"attachment-full size-full wp-image-79\" alt=\"\" \/><\/figure><div class=\"elementor-image-box-content\"><h3 class=\"elementor-image-box-title\">DESALINHAMENTO DAS VERTEBRAS E SINTOMAS<\/h3><p class=\"elementor-image-box-description\">Um deslinhamento da coluna vertebral pode causar irrita\u00e7\u00e3o ao sistema nervoso e afetar o funcionamento de estruturas, \u00f3rg\u00e3os e fun\u00e7\u00f5es do organismo.<\/p><\/div><\/div>\t\t\t\t<\/div>\n\t\t\t\t<\/div>\n\t\t\t\t<div class=\"elementor-element elementor-element-437bbe8 elementor-widget elementor-widget-spacer\" data-id=\"437bbe8\" data-element_type=\"widget\" data-widget_type=\"spacer.default\">\n\t\t\t\t<div class=\"elementor-widget-container\">\n\t\t\t\t\t\t\t<div class=\"elementor-spacer\">\n\t\t\t<div class=\"elementor-spacer-inner\"><\/div>\n\t\t<\/div>\n\t\t\t\t\t\t<\/div>\n\t\t\t\t<\/div>\n\t\t\t\t<div class=\"elementor-element elementor-element-e7ce68e elementor-position-left elementor-vertical-align-top elementor-widget elementor-widget-image-box\" data-id=\"e7ce68e\" data-element_type=\"widget\" data-widget_type=\"image-box.default\">\n\t\t\t\t<div class=\"elementor-widget-container\">\n\t\t\t\t\t<div class=\"elementor-image-box-wrapper\"><figure class=\"elementor-image-box-img\"><img loading=\"lazy\" decoding=\"async\" width=\"148\" height=\"133\" src=\"https:\/\/test.quiropraxiaemsantos.com.br\/wp-content\/uploads\/2022\/09\/atendimento-escoliose.jpg\" class=\"attachment-full size-full wp-image-77\" alt=\"\" \/><\/figure><div class=\"elementor-image-box-content\"><h3 class=\"elementor-image-box-title\">QUIROPRAXIA NA ESCOLIOSE<\/h3><p class=\"elementor-image-box-description\">Os ajustes quiropr\u00e1ticos poder\u00e3o ajudar trazendo mais mobilidade onde h\u00e1 rigidez e estabilizando onde estiver inst\u00e1vel, al\u00e9m de prevenir ou limitar a escoliose.<\/p><\/div><\/div>\t\t\t\t<\/div>\n\t\t\t\t<\/div>\n\t\t\t\t<div class=\"elementor-element elementor-element-c3ab257 elementor-widget elementor-widget-spacer\" data-id=\"c3ab257\" data-element_type=\"widget\" data-widget_type=\"spacer.default\">\n\t\t\t\t<div class=\"elementor-widget-container\">\n\t\t\t\t\t\t\t<div class=\"elementor-spacer\">\n\t\t\t<div class=\"elementor-spacer-inner\"><\/div>\n\t\t<\/div>\n\t\t\t\t\t\t<\/div>\n\t\t\t\t<\/div>\n\t\t\t\t<div class=\"elementor-element elementor-element-30d0fcb elementor-position-left elementor-vertical-align-top elementor-widget elementor-widget-image-box\" data-id=\"30d0fcb\" data-element_type=\"widget\" data-widget_type=\"image-box.default\">\n\t\t\t\t<div class=\"elementor-widget-container\">\n\t\t\t\t\t<div class=\"elementor-image-box-wrapper\"><figure class=\"elementor-image-box-img\"><img loading=\"lazy\" decoding=\"async\" width=\"167\" height=\"164\" src=\"https:\/\/test.quiropraxiaemsantos.com.br\/wp-content\/uploads\/2022\/09\/quiropraxia-instrumental.jpg\" class=\"attachment-full size-full wp-image-80\" alt=\"\" \/><\/figure><div class=\"elementor-image-box-content\"><h3 class=\"elementor-image-box-title\">QUIROPRAXIA INSTRUMENTAL<\/h3><p class=\"elementor-image-box-description\">Permite ajustes espec\u00edficos, promovendo a ativa\u00e7\u00e3o dos micromovimentos, desbloqueando as articula\u00e7\u00f5es atrav\u00e9s de pequenos impactos em pontos espec\u00edficos.<\/p><\/div><\/div>\t\t\t\t<\/div>\n\t\t\t\t<\/div>\n\t\t\t\t\t<\/div>\n\t\t<\/div>\n\t\t\t\t<div class=\"elementor-column elementor-col-50 elementor-inner-column elementor-element elementor-element-12776e9\" data-id=\"12776e9\" data-element_type=\"column\">\n\t\t\t<div class=\"elementor-widget-wrap elementor-element-populated\">\n\t\t\t\t\t\t<div class=\"elementor-element elementor-element-07e8613 eael-infobox-content-align--left elementor-widget elementor-widget-eael-info-box\" data-id=\"07e8613\" data-element_type=\"widget\" data-widget_type=\"eael-info-box.default\">\n\t\t\t\t<div class=\"elementor-widget-container\">\n\t\t\t\t\t        <div class=\"eael-infobox icon-on-top\">\n\t            <div class=\"infobox-content\">\n                    <div class=\"infobox-title-section\">\n                <h2 class=\"title\">DOR NA COLUNA<\/h2>            <\/div>\n            <div><ul><li style=\"list-style-type: none;\"><ul><li>GELO<\/li><li>ALONGAMENTO<\/li><li>QUIROPRAXIA<\/li><li>FOREVER FREEDOM (REGENERADOR DE CARTILAGEM)<\/li><\/ul><\/li><\/ul><\/div>        <\/div>\n            <\/div>\n\n\t\t\t\t\t\t<\/div>\n\t\t\t\t<\/div>\n\t\t\t\t<div class=\"elementor-element elementor-element-60a12c7 eael-infobox-content-align--left elementor-widget elementor-widget-eael-info-box\" data-id=\"60a12c7\" data-element_type=\"widget\" data-widget_type=\"eael-info-box.default\">\n\t\t\t\t<div class=\"elementor-widget-container\">\n\t\t\t\t\t        <div class=\"eael-infobox icon-on-top\">\n\t            <div class=\"infobox-content\">\n                    <div class=\"infobox-title-section\">\n                <h2 class=\"title\">COLUNA SAUD\u00c1VEL<\/h2>            <\/div>\n            <div><ul><li style=\"list-style-type: none;\"><ul><li>PESO ADEQUADO<\/li><li>BEBA \u00c1GUA<\/li><li>ATIVIDADE F\u00cdSICA<\/li><li>BOA POSTURA<\/li><li>REFOR\u00c7O ABDOMINAL<\/li><li>QUIROPRAXIA<\/li><li>FOREVER FREEDOM<\/li><\/ul><\/li><\/ul><\/div>        <\/div>\n            <\/div>\n\n\t\t\t\t\t\t<\/div>\n\t\t\t\t<\/div>\n\t\t\t\t\t<\/div>\n\t\t<\/div>\n\t\t\t\t\t<\/div>\n\t\t<\/section>\n\t\t\t\t\t<\/div>\n\t\t<\/div>\n\t\t\t\t\t<\/div>\n\t\t<\/section>\n\t\t\t\t<\/div>\n\t\t","protected":false},"excerpt":{"rendered":"<p>Sobre a Quiropraxia EFEITOS DA SUBLUXA\u00c7\u00c3O SOBRE OS M\u00daSCULOS Quando uma v\u00e9rtebra subluxa, sai de sua posi\u00e7\u00e3o , os m\u00fasculos reagem \u00e1 ela, n\u00e3o s\u00f3 os m\u00fasculos enervados pela raiz afetada, quanto aqueles que se originam ou inserem nesta v\u00e9rtebra&#8230; DEGENERA\u00c7\u00d5ES DA COLUNA As h\u00e9rnias de disco representam uma fonte importante de dores ligadas \u00e0 &hellip; <\/p>\n<p class=\"link-more\"><a href=\"https:\/\/test.quiropraxiaemsantos.com.br\/index.php\/quiropraxia\/\" class=\"more-link\">Continue lendo<span class=\"screen-reader-text\"> &#8220;Quiropraxia&#8221;<\/span><\/a><\/p>\n","protected":false},"author":1,"featured_media":0,"parent":0,"menu_order":0,"comment_status":"closed","ping_status":"closed","template":"elementor_header_footer","meta":{"footnotes":""},"class_list":["post-42","page","type-page","status-publish","hentry"],"_links":{"self":[{"href":"https:\/\/test.quiropraxiaemsantos.com.br\/index.php\/wp-json\/wp\/v2\/pages\/42","targetHints":{"allow":["GET"]}}],"collection":[{"href":"https:\/\/test.quiropraxiaemsantos.com.br\/index.php\/wp-json\/wp\/v2\/pages"}],"about":[{"href":"https:\/\/test.quiropraxiaemsantos.com.br\/index.php\/wp-json\/wp\/v2\/types\/page"}],"author":[{"embeddable":true,"href":"https:\/\/test.quiropraxiaemsantos.com.br\/index.php\/wp-json\/wp\/v2\/users\/1"}],"replies":[{"embeddable":true,"href":"https:\/\/test.quiropraxiaemsantos.com.br\/index.php\/wp-json\/wp\/v2\/comments?post=42"}],"version-history":[{"count":22,"href":"https:\/\/test.quiropraxiaemsantos.com.br\/index.php\/wp-json\/wp\/v2\/pages\/42\/revisions"}],"predecessor-version":[{"id":103,"href":"https:\/\/test.quiropraxiaemsantos.com.br\/index.php\/wp-json\/wp\/v2\/pages\/42\/revisions\/103"}],"wp:attachment":[{"href":"https:\/\/test.quiropraxiaemsantos.com.br\/index.php\/wp-json\/wp\/v2\/media?parent=42"}],"curies":[{"name":"wp","href":"https:\/\/api.w.org\/{rel}","templated":true}]}}