{"id":153,"date":"2022-09-05T14:31:33","date_gmt":"2022-09-05T17:31:33","guid":{"rendered":"https:\/\/test.quiropraxiaemsantos.com.br\/?page_id=153"},"modified":"2022-09-05T14:46:43","modified_gmt":"2022-09-05T17:46:43","slug":"quais-os-principais-problemas-tratados","status":"publish","type":"page","link":"https:\/\/test.quiropraxiaemsantos.com.br\/index.php\/quais-os-principais-problemas-tratados\/","title":{"rendered":"Quais os principais problemas tratados"},"content":{"rendered":"\t\t<div data-elementor-type=\"wp-page\" data-elementor-id=\"153\" class=\"elementor elementor-153\">\n\t\t\t\t\t\t<section class=\"elementor-section elementor-top-section elementor-element elementor-element-fae53ff elementor-section-boxed elementor-section-height-default elementor-section-height-default\" data-id=\"fae53ff\" data-element_type=\"section\">\n\t\t\t\t\t\t<div class=\"elementor-container elementor-column-gap-default\">\n\t\t\t\t\t<div class=\"elementor-column elementor-col-100 elementor-top-column elementor-element elementor-element-f1506e9\" data-id=\"f1506e9\" data-element_type=\"column\">\n\t\t\t<div class=\"elementor-widget-wrap elementor-element-populated\">\n\t\t\t\t\t\t<div class=\"elementor-element elementor-element-94b9b35 elementor-widget elementor-widget-heading\" data-id=\"94b9b35\" data-element_type=\"widget\" data-widget_type=\"heading.default\">\n\t\t\t\t<div class=\"elementor-widget-container\">\n\t\t\t\t\t<h1 class=\"elementor-heading-title elementor-size-default\">Quais os principais problemas tratados?<\/h1>\t\t\t\t<\/div>\n\t\t\t\t<\/div>\n\t\t\t\t<div class=\"elementor-element elementor-element-c98c5aa elementor-widget elementor-widget-spacer\" data-id=\"c98c5aa\" data-element_type=\"widget\" data-widget_type=\"spacer.default\">\n\t\t\t\t<div class=\"elementor-widget-container\">\n\t\t\t\t\t\t\t<div class=\"elementor-spacer\">\n\t\t\t<div class=\"elementor-spacer-inner\"><\/div>\n\t\t<\/div>\n\t\t\t\t\t\t<\/div>\n\t\t\t\t<\/div>\n\t\t\t\t\t<\/div>\n\t\t<\/div>\n\t\t\t\t\t<\/div>\n\t\t<\/section>\n\t\t\t\t<section class=\"elementor-section elementor-top-section elementor-element elementor-element-9aa6b1c elementor-section-boxed elementor-section-height-default elementor-section-height-default\" data-id=\"9aa6b1c\" data-element_type=\"section\">\n\t\t\t\t\t\t<div class=\"elementor-container elementor-column-gap-default\">\n\t\t\t\t\t<div class=\"elementor-column elementor-col-100 elementor-top-column elementor-element elementor-element-046f00e\" data-id=\"046f00e\" data-element_type=\"column\">\n\t\t\t<div class=\"elementor-widget-wrap elementor-element-populated\">\n\t\t\t\t\t\t<div class=\"elementor-element elementor-element-a1b0e39 elementor-widget elementor-widget-heading\" data-id=\"a1b0e39\" data-element_type=\"widget\" data-widget_type=\"heading.default\">\n\t\t\t\t<div class=\"elementor-widget-container\">\n\t\t\t\t\t<h2 class=\"elementor-heading-title elementor-size-default\">Principais Doen\u00e7as Tratadas<\/h2>\t\t\t\t<\/div>\n\t\t\t\t<\/div>\n\t\t\t\t<div class=\"elementor-element elementor-element-0c1384e elementor-widget elementor-widget-text-editor\" data-id=\"0c1384e\" data-element_type=\"widget\" data-widget_type=\"text-editor.default\">\n\t\t\t\t<div class=\"elementor-widget-container\">\n\t\t\t\t\t\t\t\t\t<ul><li style=\"list-style-type: none;\"><ul><li style=\"list-style-type: none;\"><ul><li>Dores de ci\u00e1tico<br \/><span style=\"color: var( --e-global-color-text ); font-family: var( --e-global-typography-text-font-family ), Sans-serif; font-weight: var( --e-global-typography-text-font-weight ); font-size: 1rem;\">Dores de coluna<br \/><\/span><span style=\"color: var( --e-global-color-text ); font-family: var( --e-global-typography-text-font-family ), Sans-serif; font-size: 1rem; font-weight: var( --e-global-typography-text-font-weight );\">Dores de cabe\u00e7a, pesco\u00e7o e tens\u00f5es musculares<br \/><\/span><span style=\"color: var( --e-global-color-text ); font-family: var( --e-global-typography-text-font-family ), Sans-serif; font-weight: var( --e-global-typography-text-font-weight ); font-size: 1rem;\">Enxaquecas<br \/><\/span><span style=\"color: var( --e-global-color-text ); font-family: var( --e-global-typography-text-font-family ), Sans-serif; font-weight: var( --e-global-typography-text-font-weight ); font-size: 1rem;\">H\u00e9rnia de disco<br \/><\/span><span style=\"color: var( --e-global-color-text ); font-family: var( --e-global-typography-text-font-family ), Sans-serif; font-weight: var( --e-global-typography-text-font-weight ); font-size: 1rem;\">Problemas nas articula\u00e7\u00f5es do ombro, cotovelo, punho, joelho e tornozelo<br \/><\/span><span style=\"color: var( --e-global-color-text ); font-family: var( --e-global-typography-text-font-family ), Sans-serif; font-weight: var( --e-global-typography-text-font-weight ); font-size: 1rem;\">Restri\u00e7\u00e3o de movimentos, DORT\/LER&#8230;<br \/><\/span><span style=\"color: var( --e-global-color-text ); font-family: var( --e-global-typography-text-font-family ), Sans-serif; font-weight: var( --e-global-typography-text-font-weight ); font-size: 1rem;\">Altera\u00e7\u00f5es de Postura<br \/><\/span><span style=\"color: var( --e-global-color-text ); font-family: var( --e-global-typography-text-font-family ), Sans-serif; font-weight: var( --e-global-typography-text-font-weight ); font-size: 1rem;\">Problemas musculares<br \/><\/span><span style=\"color: var( --e-global-color-text ); font-family: var( --e-global-typography-text-font-family ), Sans-serif; font-weight: var( --e-global-typography-text-font-weight ); font-size: 1rem;\">Entre outros<\/span><\/li><\/ul><\/li><\/ul><\/li><\/ul>\t\t\t\t\t\t\t\t<\/div>\n\t\t\t\t<\/div>\n\t\t\t\t\t<\/div>\n\t\t<\/div>\n\t\t\t\t\t<\/div>\n\t\t<\/section>\n\t\t\t\t<section class=\"elementor-section elementor-top-section elementor-element elementor-element-f41cb11 elementor-section-boxed elementor-section-height-default elementor-section-height-default\" data-id=\"f41cb11\" data-element_type=\"section\">\n\t\t\t\t\t\t<div class=\"elementor-container elementor-column-gap-default\">\n\t\t\t\t\t<div class=\"elementor-column elementor-col-100 elementor-top-column elementor-element elementor-element-1793f8e\" data-id=\"1793f8e\" data-element_type=\"column\">\n\t\t\t<div class=\"elementor-widget-wrap elementor-element-populated\">\n\t\t\t\t\t\t<div class=\"elementor-element elementor-element-70900f2 elementor-widget elementor-widget-heading\" data-id=\"70900f2\" data-element_type=\"widget\" data-widget_type=\"heading.default\">\n\t\t\t\t<div class=\"elementor-widget-container\">\n\t\t\t\t\t<h2 class=\"elementor-heading-title elementor-size-default\">Benef\u00edcios do Tratamento<\/h2>\t\t\t\t<\/div>\n\t\t\t\t<\/div>\n\t\t\t\t<div class=\"elementor-element elementor-element-071938c elementor-widget elementor-widget-text-editor\" data-id=\"071938c\" data-element_type=\"widget\" data-widget_type=\"text-editor.default\">\n\t\t\t\t<div class=\"elementor-widget-container\">\n\t\t\t\t\t\t\t\t\t<ul><li style=\"list-style-type: none;\"><ul><li style=\"list-style-type: none;\"><ul><li>Diminui\u00e7\u00e3o das dores<\/li><li><span style=\"color: var( --e-global-color-text ); font-family: var( --e-global-typography-text-font-family ), Sans-serif; font-weight: var( --e-global-typography-text-font-weight ); font-size: 1rem;\">Aumento da mobilidade articular<\/span><\/li><li><span style=\"color: var( --e-global-color-text ); font-family: var( --e-global-typography-text-font-family ), Sans-serif; font-weight: var( --e-global-typography-text-font-weight ); font-size: 1rem;\">Relaxamento muscular<\/span><\/li><li><span style=\"color: var( --e-global-color-text ); font-family: var( --e-global-typography-text-font-family ), Sans-serif; font-weight: var( --e-global-typography-text-font-weight ); font-size: 1rem;\">Melhora da postura<\/span><\/li><li><span style=\"color: var( --e-global-color-text ); font-family: var( --e-global-typography-text-font-family ), Sans-serif; font-weight: var( --e-global-typography-text-font-weight ); font-size: 1rem;\">Melhora da qualidade de vida<\/span><\/li><\/ul><\/li><\/ul><\/li><\/ul>\t\t\t\t\t\t\t\t<\/div>\n\t\t\t\t<\/div>\n\t\t\t\t\t<\/div>\n\t\t<\/div>\n\t\t\t\t\t<\/div>\n\t\t<\/section>\n\t\t\t\t<section class=\"elementor-section elementor-top-section elementor-element elementor-element-475caa0 elementor-section-boxed elementor-section-height-default elementor-section-height-default\" data-id=\"475caa0\" data-element_type=\"section\">\n\t\t\t\t\t\t<div class=\"elementor-container elementor-column-gap-default\">\n\t\t\t\t\t<div class=\"elementor-column elementor-col-100 elementor-top-column elementor-element elementor-element-c90ce59\" data-id=\"c90ce59\" data-element_type=\"column\">\n\t\t\t<div class=\"elementor-widget-wrap elementor-element-populated\">\n\t\t\t\t\t\t<div class=\"elementor-element elementor-element-e13248d elementor-widget elementor-widget-heading\" data-id=\"e13248d\" data-element_type=\"widget\" data-widget_type=\"heading.default\">\n\t\t\t\t<div class=\"elementor-widget-container\">\n\t\t\t\t\t<h2 class=\"elementor-heading-title elementor-size-default\">Qual a causa desses problemas?<\/h2>\t\t\t\t<\/div>\n\t\t\t\t<\/div>\n\t\t\t\t<div class=\"elementor-element elementor-element-b3e60d3 elementor-widget elementor-widget-text-editor\" data-id=\"b3e60d3\" data-element_type=\"widget\" data-widget_type=\"text-editor.default\">\n\t\t\t\t<div class=\"elementor-widget-container\">\n\t\t\t\t\t\t\t\t\t<p>As atividades comuns do dia a dia, os movimentos repetitivos e posturas viciosas podem fazer com que as articula\u00e7\u00f5es do corpo, principalmente da coluna vertebral percam seu alinhamento ou movimento normal. Esses dist\u00farbios funcionais da coluna vertebral podem levar a conseq\u00fc\u00eancias como descrito na linguagem dos quiropraxistas pelo termo subluxa\u00e7\u00e3o.<\/p>\t\t\t\t\t\t\t\t<\/div>\n\t\t\t\t<\/div>\n\t\t\t\t\t<\/div>\n\t\t<\/div>\n\t\t\t\t\t<\/div>\n\t\t<\/section>\n\t\t\t\t<section class=\"elementor-section elementor-top-section elementor-element elementor-element-9704b00 elementor-section-boxed elementor-section-height-default elementor-section-height-default\" data-id=\"9704b00\" data-element_type=\"section\">\n\t\t\t\t\t\t<div class=\"elementor-container elementor-column-gap-default\">\n\t\t\t\t\t<div class=\"elementor-column elementor-col-100 elementor-top-column elementor-element elementor-element-530b7dc\" data-id=\"530b7dc\" data-element_type=\"column\">\n\t\t\t<div class=\"elementor-widget-wrap elementor-element-populated\">\n\t\t\t\t\t\t<div class=\"elementor-element elementor-element-638b97c elementor-widget elementor-widget-heading\" data-id=\"638b97c\" data-element_type=\"widget\" data-widget_type=\"heading.default\">\n\t\t\t\t<div class=\"elementor-widget-container\">\n\t\t\t\t\t<h2 class=\"elementor-heading-title elementor-size-default\">Benef\u00edcios do Tratamento<\/h2>\t\t\t\t<\/div>\n\t\t\t\t<\/div>\n\t\t\t\t<div class=\"elementor-element elementor-element-1dc29c0 elementor-widget elementor-widget-text-editor\" data-id=\"1dc29c0\" data-element_type=\"widget\" data-widget_type=\"text-editor.default\">\n\t\t\t\t<div class=\"elementor-widget-container\">\n\t\t\t\t\t\t\t\t\t<p>O objetivo da manipula\u00e7\u00e3o \u00e9 encontrar as subluxa\u00e7\u00f5es (desalinhamentos) das articula\u00e7\u00f5es, para restaurar a mobilidade, o fluxo nervoso na articula\u00e7\u00e3o com pouca mobilidade, devido a uma les\u00e3o tecidual, que podem ser provocadas por um trauma, at\u00e9 a eleva\u00e7\u00e3o inadequada de um objeto pesado, esfor\u00e7os repetitivos ou m\u00e1 postura.<\/p>\t\t\t\t\t\t\t\t<\/div>\n\t\t\t\t<\/div>\n\t\t\t\t\t<\/div>\n\t\t<\/div>\n\t\t\t\t\t<\/div>\n\t\t<\/section>\n\t\t\t\t<\/div>\n\t\t","protected":false},"excerpt":{"rendered":"<p>Quais os principais problemas tratados? Principais Doen\u00e7as Tratadas Dores de ci\u00e1ticoDores de colunaDores de cabe\u00e7a, pesco\u00e7o e tens\u00f5es muscularesEnxaquecasH\u00e9rnia de discoProblemas nas articula\u00e7\u00f5es do ombro, cotovelo, punho, joelho e tornozeloRestri\u00e7\u00e3o de movimentos, DORT\/LER&#8230;Altera\u00e7\u00f5es de PosturaProblemas muscularesEntre outros Benef\u00edcios do Tratamento Diminui\u00e7\u00e3o das dores Aumento da mobilidade articular Relaxamento muscular Melhora da postura Melhora da qualidade &hellip; <\/p>\n<p class=\"link-more\"><a href=\"https:\/\/test.quiropraxiaemsantos.com.br\/index.php\/quais-os-principais-problemas-tratados\/\" class=\"more-link\">Continue lendo<span class=\"screen-reader-text\"> &#8220;Quais os principais problemas tratados&#8221;<\/span><\/a><\/p>\n","protected":false},"author":1,"featured_media":0,"parent":0,"menu_order":0,"comment_status":"closed","ping_status":"closed","template":"elementor_header_footer","meta":{"footnotes":""},"class_list":["post-153","page","type-page","status-publish","hentry"],"_links":{"self":[{"href":"https:\/\/test.quiropraxiaemsantos.com.br\/index.php\/wp-json\/wp\/v2\/pages\/153","targetHints":{"allow":["GET"]}}],"collection":[{"href":"https:\/\/test.quiropraxiaemsantos.com.br\/index.php\/wp-json\/wp\/v2\/pages"}],"about":[{"href":"https:\/\/test.quiropraxiaemsantos.com.br\/index.php\/wp-json\/wp\/v2\/types\/page"}],"author":[{"embeddable":true,"href":"https:\/\/test.quiropraxiaemsantos.com.br\/index.php\/wp-json\/wp\/v2\/users\/1"}],"replies":[{"embeddable":true,"href":"https:\/\/test.quiropraxiaemsantos.com.br\/index.php\/wp-json\/wp\/v2\/comments?post=153"}],"version-history":[{"count":7,"href":"https:\/\/test.quiropraxiaemsantos.com.br\/index.php\/wp-json\/wp\/v2\/pages\/153\/revisions"}],"predecessor-version":[{"id":167,"href":"https:\/\/test.quiropraxiaemsantos.com.br\/index.php\/wp-json\/wp\/v2\/pages\/153\/revisions\/167"}],"wp:attachment":[{"href":"https:\/\/test.quiropraxiaemsantos.com.br\/index.php\/wp-json\/wp\/v2\/media?parent=153"}],"curies":[{"name":"wp","href":"https:\/\/api.w.org\/{rel}","templated":true}]}}