{"id":151,"date":"2022-09-05T14:31:01","date_gmt":"2022-09-05T17:31:01","guid":{"rendered":"https:\/\/test.quiropraxiaemsantos.com.br\/?page_id=151"},"modified":"2022-09-05T15:07:27","modified_gmt":"2022-09-05T18:07:27","slug":"quiropraxia-nos-esportes","status":"publish","type":"page","link":"https:\/\/test.quiropraxiaemsantos.com.br\/index.php\/quiropraxia-nos-esportes\/","title":{"rendered":"Quiropraxia nos esportes"},"content":{"rendered":"\t\t<div data-elementor-type=\"wp-page\" data-elementor-id=\"151\" class=\"elementor elementor-151\">\n\t\t\t\t\t\t<section class=\"elementor-section elementor-top-section elementor-element elementor-element-9431df6 elementor-section-boxed elementor-section-height-default elementor-section-height-default\" data-id=\"9431df6\" data-element_type=\"section\">\n\t\t\t\t\t\t<div class=\"elementor-container elementor-column-gap-default\">\n\t\t\t\t\t<div class=\"elementor-column elementor-col-100 elementor-top-column elementor-element elementor-element-560b860\" data-id=\"560b860\" data-element_type=\"column\">\n\t\t\t<div class=\"elementor-widget-wrap elementor-element-populated\">\n\t\t\t\t\t\t<div class=\"elementor-element elementor-element-5886fd6 elementor-widget elementor-widget-heading\" data-id=\"5886fd6\" data-element_type=\"widget\" data-widget_type=\"heading.default\">\n\t\t\t\t<div class=\"elementor-widget-container\">\n\t\t\t\t\t<h2 class=\"elementor-heading-title elementor-size-default\">Quiropraxia nos esportes<\/h2>\t\t\t\t<\/div>\n\t\t\t\t<\/div>\n\t\t\t\t<div class=\"elementor-element elementor-element-1fc5781 elementor-widget elementor-widget-spacer\" data-id=\"1fc5781\" data-element_type=\"widget\" data-widget_type=\"spacer.default\">\n\t\t\t\t<div class=\"elementor-widget-container\">\n\t\t\t\t\t\t\t<div class=\"elementor-spacer\">\n\t\t\t<div class=\"elementor-spacer-inner\"><\/div>\n\t\t<\/div>\n\t\t\t\t\t\t<\/div>\n\t\t\t\t<\/div>\n\t\t\t\t\t<\/div>\n\t\t<\/div>\n\t\t\t\t\t<\/div>\n\t\t<\/section>\n\t\t\t\t<section class=\"elementor-section elementor-top-section elementor-element elementor-element-9789425 elementor-section-boxed elementor-section-height-default elementor-section-height-default\" data-id=\"9789425\" data-element_type=\"section\">\n\t\t\t\t\t\t<div class=\"elementor-container elementor-column-gap-default\">\n\t\t\t\t\t<div class=\"elementor-column elementor-col-100 elementor-top-column elementor-element elementor-element-b5aa2d8\" data-id=\"b5aa2d8\" data-element_type=\"column\">\n\t\t\t<div class=\"elementor-widget-wrap elementor-element-populated\">\n\t\t\t\t\t\t<div class=\"elementor-element elementor-element-ebc7177 elementor-widget elementor-widget-text-editor\" data-id=\"ebc7177\" data-element_type=\"widget\" data-widget_type=\"text-editor.default\">\n\t\t\t\t<div class=\"elementor-widget-container\">\n\t\t\t\t\t\t\t\t\t<p>Atualmente, uma das \u00e1reas que mais crescem dentro da Quiropraxia (Fisioterapia Quiropr\u00e1xica) \u00e9 a \u00e1rea desportiva.<\/p><p>Muitos atletas de corrida, ciclismo, basquete, gin\u00e1stica, atletismo, entre outros esportes de impacto, se forem adolescentes ou pr\u00e9-adolescentes, podem apresentar diminui\u00e7\u00e3o no crescimento \u00f3sseo.Se o atleta for de meia idade, normalmente sente um princ\u00edpio do desgaste cartilaginoso, principalmente em regi\u00f5es do joelho e tornozelo. J\u00e1 se o atleta continua praticando esportes de impacto na terceira idade, inevitavelmente sentir\u00e1 desgaste \u00f3sseo (joelhos, tornozelos ou f\u00eamur) e dos discos intervertebrais (principalmente na coluna lombar).<\/p><h4><strong>&#8220;UM AJUSTE QUIROPR\u00c1XICO PODE SER A DIFEREN\u00c7A ENTRE A PRIMEIRA E A SEGUNDA COLOCA\u00c7\u00c3O&#8221;<\/strong><\/h4><p>\u00a0<\/p><p>Momentos antes do jogo ou treino:<\/p><p>Reduzir as disfun\u00e7\u00f5es biomec\u00e2nicas atrav\u00e9s de ajustes articulares bem como libera\u00e7\u00e3o de tecidos moles \u00e9 o foco central do quiropraxista desportivo, permitindo a saud\u00e1vel fun\u00e7\u00e3o do sistema neuro-m\u00fasculo-esquel\u00e9tico e prevenindo assim outras les\u00f5es (REDWOOD,2003). A Quiropraxia no Esporte (Desportiva) vem contribuindo para um tratamento conservador, enfatizando a rela\u00e7\u00e3o entre o sistema m\u00fasculo-esquel\u00e9tico do corpo e o sistema nervoso, favorecendo bastante o desempenho dos atletas.<\/p><p>O Fisioterapeuta Quiropraxista que atua no esporte tem como objetivo:<\/p><ul><li style=\"list-style-type: none;\"><ul><li style=\"list-style-type: none;\"><ul><li>Alinhar as articula\u00e7\u00f5es;<\/li><li>Aumentar a flexibilidade e a mobilidade;<\/li><li>Melhorar a resposta muscular e articular;<\/li><li>Prevenir les\u00f5es;<\/li><li>Recuperar (reabilitar) as les\u00f5es esportivas;<\/li><\/ul><\/li><\/ul><\/li><\/ul><p><br \/>Na quiropraxia desportiva, s\u00e3o priorizadas as articula\u00e7\u00f5es das extremidades sejam membros superiores ou inferiores. A liberdade e amplitude de movimento nas articula\u00e7\u00f5es dos ombros para nadadores e sacroil\u00edacas, joelhos e dos tornozelos para corredores pode representar a diferen\u00e7a entre o sucesso e o fracasso para um atleta amador ou profissional (CHAPMAN-SMITH, 2001).<\/p><p>Na Europa, a manipula\u00e7\u00e3o da coluna vertebral e de extremidades e relatada como essencial nos treinamentos e competi\u00e7\u00f5es de atletas. Por isso, muitos clubes de futebol na Europa apresentam no seu quadro de funcion\u00e1rios quiropraxistas atendendo os jogadores.<\/p><p>A primeira equipe ol\u00edmpica de medicina esportiva dos EUA a incluir um quiropraxista foi das Olimp\u00edadas de Inverno de 1980. Comumente, quiropraxistas integram o programa ol\u00edmpico americano, residindo em centros de treinamento e s\u00e3o avaliados pela amplitude e profundidade de sua compet\u00eancia cl\u00ednica e pela sua habilidade de trabalhar em cooperativismo com uma equipe multidisciplinar (REDWOOD, 2003). Naquele pa\u00eds, os Quiropraxia j\u00e1 faz parte da maioria dos esportes individuais e coletivos, fazendo parte dos programas tanto na preven\u00e7\u00e3o quanto de recupera\u00e7\u00e3o de les\u00f5es esportivas. (MOOTZ, MCCARTHY, 1999).<\/p><p>Nos dois \u00faltimos jogos ol\u00edmpicos, os EUA inclu\u00edram no seu time de cinco m\u00e9dicos, um quiropraxista. Nas olimp\u00edadas de Atlanta, a maior parte dos times ol\u00edmpicos internacionais j\u00e1 estava utilizando quiropraxistas, assim como em competi\u00e7\u00f5es profissionais de golfe, surfe, voleibol, jiu-jitsu, fisiculturismo, rodeios, inclusive na competi\u00e7\u00e3o mais \u00e1rdua do mundo: The Ironman, em Kona Hawaii, quiropraxistas est\u00e3o trabalhando em benef\u00edcio dos atletas.<\/p><p>Aos poucos no Brasil os pr\u00f3prios atletas est\u00e3o manifestando a import\u00e2ncia de um quiropraxista em seus clubes, seja acompanhando seus treinos ou na prepara\u00e7\u00e3o para auxiliar em sua performance.<\/p><p>Se voc\u00ea \u00e9 atleta ou pratica esportes regularmente marque sua consulta e mantenha o h\u00e1bito de ajustar-se. Mas se voc\u00ea n\u00e3o \u00e9 atleta profissional, mas bate uma bolinha aos finais de semana, a import\u00e2ncia de se ter um cuidado com a sa\u00fade de suas articula\u00e7\u00f5es \u00e9 ainda maior.<\/p><p>Conhe\u00e7a a Quiropraxia e adote a preven\u00e7\u00e3o como estilo de vida!<\/p>\t\t\t\t\t\t\t\t<\/div>\n\t\t\t\t<\/div>\n\t\t\t\t\t<\/div>\n\t\t<\/div>\n\t\t\t\t\t<\/div>\n\t\t<\/section>\n\t\t\t\t<\/div>\n\t\t","protected":false},"excerpt":{"rendered":"<p>Quiropraxia nos esportes Atualmente, uma das \u00e1reas que mais crescem dentro da Quiropraxia (Fisioterapia Quiropr\u00e1xica) \u00e9 a \u00e1rea desportiva. Muitos atletas de corrida, ciclismo, basquete, gin\u00e1stica, atletismo, entre outros esportes de impacto, se forem adolescentes ou pr\u00e9-adolescentes, podem apresentar diminui\u00e7\u00e3o no crescimento \u00f3sseo.Se o atleta for de meia idade, normalmente sente um princ\u00edpio do desgaste &hellip; <\/p>\n<p class=\"link-more\"><a href=\"https:\/\/test.quiropraxiaemsantos.com.br\/index.php\/quiropraxia-nos-esportes\/\" class=\"more-link\">Continue lendo<span class=\"screen-reader-text\"> &#8220;Quiropraxia nos esportes&#8221;<\/span><\/a><\/p>\n","protected":false},"author":1,"featured_media":0,"parent":0,"menu_order":0,"comment_status":"closed","ping_status":"closed","template":"elementor_header_footer","meta":{"footnotes":""},"class_list":["post-151","page","type-page","status-publish","hentry"],"_links":{"self":[{"href":"https:\/\/test.quiropraxiaemsantos.com.br\/index.php\/wp-json\/wp\/v2\/pages\/151","targetHints":{"allow":["GET"]}}],"collection":[{"href":"https:\/\/test.quiropraxiaemsantos.com.br\/index.php\/wp-json\/wp\/v2\/pages"}],"about":[{"href":"https:\/\/test.quiropraxiaemsantos.com.br\/index.php\/wp-json\/wp\/v2\/types\/page"}],"author":[{"embeddable":true,"href":"https:\/\/test.quiropraxiaemsantos.com.br\/index.php\/wp-json\/wp\/v2\/users\/1"}],"replies":[{"embeddable":true,"href":"https:\/\/test.quiropraxiaemsantos.com.br\/index.php\/wp-json\/wp\/v2\/comments?post=151"}],"version-history":[{"count":7,"href":"https:\/\/test.quiropraxiaemsantos.com.br\/index.php\/wp-json\/wp\/v2\/pages\/151\/revisions"}],"predecessor-version":[{"id":186,"href":"https:\/\/test.quiropraxiaemsantos.com.br\/index.php\/wp-json\/wp\/v2\/pages\/151\/revisions\/186"}],"wp:attachment":[{"href":"https:\/\/test.quiropraxiaemsantos.com.br\/index.php\/wp-json\/wp\/v2\/media?parent=151"}],"curies":[{"name":"wp","href":"https:\/\/api.w.org\/{rel}","templated":true}]}}