{"id":149,"date":"2022-09-05T14:30:44","date_gmt":"2022-09-05T17:30:44","guid":{"rendered":"https:\/\/test.quiropraxiaemsantos.com.br\/?page_id=149"},"modified":"2022-09-05T14:49:48","modified_gmt":"2022-09-05T17:49:48","slug":"dores-na-coluna-vertebral-estatisticas","status":"publish","type":"page","link":"https:\/\/test.quiropraxiaemsantos.com.br\/index.php\/dores-na-coluna-vertebral-estatisticas\/","title":{"rendered":"Dores na coluna vertebral (estat\u00edsticas)"},"content":{"rendered":"\t\t<div data-elementor-type=\"wp-page\" data-elementor-id=\"149\" class=\"elementor elementor-149\">\n\t\t\t\t\t\t<section class=\"elementor-section elementor-top-section elementor-element elementor-element-65a27ca elementor-section-boxed elementor-section-height-default elementor-section-height-default\" data-id=\"65a27ca\" data-element_type=\"section\">\n\t\t\t\t\t\t<div class=\"elementor-container elementor-column-gap-default\">\n\t\t\t\t\t<div class=\"elementor-column elementor-col-100 elementor-top-column elementor-element elementor-element-1c313b3\" data-id=\"1c313b3\" data-element_type=\"column\">\n\t\t\t<div class=\"elementor-widget-wrap elementor-element-populated\">\n\t\t\t\t\t\t<div class=\"elementor-element elementor-element-5b3b823 elementor-widget elementor-widget-heading\" data-id=\"5b3b823\" data-element_type=\"widget\" data-widget_type=\"heading.default\">\n\t\t\t\t<div class=\"elementor-widget-container\">\n\t\t\t\t\t<h2 class=\"elementor-heading-title elementor-size-default\">Dores na cluna vertebral (estat\u00edsticas)<\/h2>\t\t\t\t<\/div>\n\t\t\t\t<\/div>\n\t\t\t\t\t<\/div>\n\t\t<\/div>\n\t\t\t\t\t<\/div>\n\t\t<\/section>\n\t\t\t\t<section class=\"elementor-section elementor-top-section elementor-element elementor-element-0996f6f elementor-section-boxed elementor-section-height-default elementor-section-height-default\" data-id=\"0996f6f\" data-element_type=\"section\">\n\t\t\t\t\t\t<div class=\"elementor-container elementor-column-gap-default\">\n\t\t\t\t\t<div class=\"elementor-column elementor-col-100 elementor-top-column elementor-element elementor-element-7ffa6ab\" data-id=\"7ffa6ab\" data-element_type=\"column\">\n\t\t\t<div class=\"elementor-widget-wrap elementor-element-populated\">\n\t\t\t\t\t\t<div class=\"elementor-element elementor-element-0581d5f elementor-widget elementor-widget-text-editor\" data-id=\"0581d5f\" data-element_type=\"widget\" data-widget_type=\"text-editor.default\">\n\t\t\t\t<div class=\"elementor-widget-container\">\n\t\t\t\t\t\t\t\t\t<p>Altera\u00e7\u00f5es de coluna vertebral s\u00e3o os maiores geradores de custo da \u00e1rea da sa\u00fade.<\/p><p>Segunda principal causa pela qual a popula\u00e7\u00e3o busca cuidados da \u00e1rea da sa\u00fade<\/p><p>A Organiza\u00e7\u00e3o Mundial da Sa\u00fade (OMS) estima que 80% das pessoas ter\u00e3o pelo menos uma crise de dor nas costas durante a vida e que 90% delas sofrer\u00e3o com a recorr\u00eancia do quadro.<\/p><p>Cerca de 10 milh\u00f5es de pessoas em todo o Brasil ficam incapacitados por algum problema relacionado \u00e0 dor nas costas.<\/p><p>Problemas de coluna s\u00e3o a principal causa de afastamento do trabalho na faixa et\u00e1ria de 30 a 50 anos de idade.<\/p><p>Estudos cient\u00edficos apontam que menos de 50% dos pacientes com lombalgia cr\u00f4nica conseguem retornar \u00e0 sua rotina profissional ap\u00f3s seis meses de afastamento, e esse n\u00famero chega a praticamente zero passados dois anos de cada afastamento.<\/p><p>Nos Estados Unidos, a lombalgia \u00e9 a causa mais comum de limita\u00e7\u00e3o de atividades entre pessoas com menos de 45 anos, \u00e9 a segunda raz\u00e3o mais frequente para visitas m\u00e9dicas, a quinta causa de admiss\u00e3o hospitalar e a terceira de procedimentos cir\u00fargicos.<\/p><p>Segundo a Organiza\u00e7\u00e3o Mundial de Sa\u00fade, a Quiropraxia \u00e9 uma das principais especialidades na \u00e1rea da sa\u00fade para tratar e prevenir os problemas da coluna vertebral.<\/p><p>Quiropraxia promove recupera\u00e7\u00e3o de tr\u00eas a quatro vezes mais r\u00e1pida quando comparada a outros tratamentos.<\/p><p>Est\u00e1 entre as tr\u00eas maiores t\u00e9cnicas na \u00e1rea da sa\u00fade no mundo.<\/p>\t\t\t\t\t\t\t\t<\/div>\n\t\t\t\t<\/div>\n\t\t\t\t\t<\/div>\n\t\t<\/div>\n\t\t\t\t\t<\/div>\n\t\t<\/section>\n\t\t\t\t<\/div>\n\t\t","protected":false},"excerpt":{"rendered":"<p>Dores na cluna vertebral (estat\u00edsticas) Altera\u00e7\u00f5es de coluna vertebral s\u00e3o os maiores geradores de custo da \u00e1rea da sa\u00fade. Segunda principal causa pela qual a popula\u00e7\u00e3o busca cuidados da \u00e1rea da sa\u00fade A Organiza\u00e7\u00e3o Mundial da Sa\u00fade (OMS) estima que 80% das pessoas ter\u00e3o pelo menos uma crise de dor nas costas durante a vida &hellip; <\/p>\n<p class=\"link-more\"><a href=\"https:\/\/test.quiropraxiaemsantos.com.br\/index.php\/dores-na-coluna-vertebral-estatisticas\/\" class=\"more-link\">Continue lendo<span class=\"screen-reader-text\"> &#8220;Dores na coluna vertebral (estat\u00edsticas)&#8221;<\/span><\/a><\/p>\n","protected":false},"author":1,"featured_media":0,"parent":0,"menu_order":0,"comment_status":"closed","ping_status":"closed","template":"elementor_header_footer","meta":{"footnotes":""},"class_list":["post-149","page","type-page","status-publish","hentry"],"_links":{"self":[{"href":"https:\/\/test.quiropraxiaemsantos.com.br\/index.php\/wp-json\/wp\/v2\/pages\/149","targetHints":{"allow":["GET"]}}],"collection":[{"href":"https:\/\/test.quiropraxiaemsantos.com.br\/index.php\/wp-json\/wp\/v2\/pages"}],"about":[{"href":"https:\/\/test.quiropraxiaemsantos.com.br\/index.php\/wp-json\/wp\/v2\/types\/page"}],"author":[{"embeddable":true,"href":"https:\/\/test.quiropraxiaemsantos.com.br\/index.php\/wp-json\/wp\/v2\/users\/1"}],"replies":[{"embeddable":true,"href":"https:\/\/test.quiropraxiaemsantos.com.br\/index.php\/wp-json\/wp\/v2\/comments?post=149"}],"version-history":[{"count":7,"href":"https:\/\/test.quiropraxiaemsantos.com.br\/index.php\/wp-json\/wp\/v2\/pages\/149\/revisions"}],"predecessor-version":[{"id":174,"href":"https:\/\/test.quiropraxiaemsantos.com.br\/index.php\/wp-json\/wp\/v2\/pages\/149\/revisions\/174"}],"wp:attachment":[{"href":"https:\/\/test.quiropraxiaemsantos.com.br\/index.php\/wp-json\/wp\/v2\/media?parent=149"}],"curies":[{"name":"wp","href":"https:\/\/api.w.org\/{rel}","templated":true}]}}