{"id":133,"date":"2022-09-05T14:12:40","date_gmt":"2022-09-05T17:12:40","guid":{"rendered":"https:\/\/test.quiropraxiaemsantos.com.br\/?page_id=133"},"modified":"2022-09-05T14:16:18","modified_gmt":"2022-09-05T17:16:18","slug":"o-que-e-quiropraxia","status":"publish","type":"page","link":"https:\/\/test.quiropraxiaemsantos.com.br\/index.php\/o-que-e-quiropraxia\/","title":{"rendered":"O que \u00e9 Quiropraxia"},"content":{"rendered":"\t\t<div data-elementor-type=\"wp-page\" data-elementor-id=\"133\" class=\"elementor elementor-133\">\n\t\t\t\t\t\t<section class=\"elementor-section elementor-top-section elementor-element elementor-element-ae044bf elementor-section-boxed elementor-section-height-default elementor-section-height-default\" data-id=\"ae044bf\" data-element_type=\"section\">\n\t\t\t\t\t\t<div class=\"elementor-container elementor-column-gap-default\">\n\t\t\t\t\t<div class=\"elementor-column elementor-col-100 elementor-top-column elementor-element elementor-element-f5ddc44\" data-id=\"f5ddc44\" data-element_type=\"column\">\n\t\t\t<div class=\"elementor-widget-wrap elementor-element-populated\">\n\t\t\t\t\t\t<div class=\"elementor-element elementor-element-7b9f81d elementor-widget elementor-widget-heading\" data-id=\"7b9f81d\" data-element_type=\"widget\" data-widget_type=\"heading.default\">\n\t\t\t\t<div class=\"elementor-widget-container\">\n\t\t\t\t\t<h1 class=\"elementor-heading-title elementor-size-default\">O que \u00e9 Quiropraxia<\/h1>\t\t\t\t<\/div>\n\t\t\t\t<\/div>\n\t\t\t\t\t<\/div>\n\t\t<\/div>\n\t\t\t\t\t<\/div>\n\t\t<\/section>\n\t\t\t\t<section class=\"elementor-section elementor-top-section elementor-element elementor-element-2b72b61 elementor-section-boxed elementor-section-height-default elementor-section-height-default\" data-id=\"2b72b61\" data-element_type=\"section\">\n\t\t\t\t\t\t<div class=\"elementor-container elementor-column-gap-default\">\n\t\t\t\t\t<div class=\"elementor-column elementor-col-100 elementor-top-column elementor-element elementor-element-2c9604b\" data-id=\"2c9604b\" data-element_type=\"column\">\n\t\t\t<div class=\"elementor-widget-wrap elementor-element-populated\">\n\t\t\t\t\t\t<div class=\"elementor-element elementor-element-03fa16a elementor-widget elementor-widget-spacer\" data-id=\"03fa16a\" data-element_type=\"widget\" data-widget_type=\"spacer.default\">\n\t\t\t\t<div class=\"elementor-widget-container\">\n\t\t\t\t\t\t\t<div class=\"elementor-spacer\">\n\t\t\t<div class=\"elementor-spacer-inner\"><\/div>\n\t\t<\/div>\n\t\t\t\t\t\t<\/div>\n\t\t\t\t<\/div>\n\t\t\t\t<div class=\"elementor-element elementor-element-558bdde elementor-widget elementor-widget-heading\" data-id=\"558bdde\" data-element_type=\"widget\" data-widget_type=\"heading.default\">\n\t\t\t\t<div class=\"elementor-widget-container\">\n\t\t\t\t\t<h2 class=\"elementor-heading-title elementor-size-default\">Quiropraxia no Brasil \u00e9 uma das Especialidades da Fisioterapia, reconhecida pela Organiza\u00e7\u00e3o Mundial da Sa\u00fade (OMS).<\/h2>\t\t\t\t<\/div>\n\t\t\t\t<\/div>\n\t\t\t\t\t<\/div>\n\t\t<\/div>\n\t\t\t\t\t<\/div>\n\t\t<\/section>\n\t\t\t\t<section class=\"elementor-section elementor-top-section elementor-element elementor-element-f55ed28 elementor-section-boxed elementor-section-height-default elementor-section-height-default\" data-id=\"f55ed28\" data-element_type=\"section\">\n\t\t\t\t\t\t<div class=\"elementor-container elementor-column-gap-default\">\n\t\t\t\t\t<div class=\"elementor-column elementor-col-100 elementor-top-column elementor-element elementor-element-85fa098\" data-id=\"85fa098\" data-element_type=\"column\">\n\t\t\t<div class=\"elementor-widget-wrap elementor-element-populated\">\n\t\t\t\t\t\t<div class=\"elementor-element elementor-element-954e992 elementor-widget elementor-widget-text-editor\" data-id=\"954e992\" data-element_type=\"widget\" data-widget_type=\"text-editor.default\">\n\t\t\t\t<div class=\"elementor-widget-container\">\n\t\t\t\t\t\t\t\t\t<p>De acordo com a resolu\u00e7\u00e3o Coffito n\u00ba 220, de 23 de maio de 2001, a quiropraxia \u00e9 uma Especialidade do Fisioterapeuta, profissional mais qualificado para pr\u00e1tica-la, o profissional responde por pr\u00e1ticas indevidas ou mal executadas, diminuindo o risco \u00e0 sa\u00fade da popula\u00e7\u00e3o e garantindo o controle \u00e9tico, moral e social dos que empregam a quiropraxia como especialidade.<\/p>\t\t\t\t\t\t\t\t<\/div>\n\t\t\t\t<\/div>\n\t\t\t\t\t<\/div>\n\t\t<\/div>\n\t\t\t\t\t<\/div>\n\t\t<\/section>\n\t\t\t\t<section class=\"elementor-section elementor-top-section elementor-element elementor-element-3b54c66 elementor-section-boxed elementor-section-height-default elementor-section-height-default\" data-id=\"3b54c66\" data-element_type=\"section\">\n\t\t\t\t\t\t<div class=\"elementor-container elementor-column-gap-default\">\n\t\t\t\t\t<div class=\"elementor-column elementor-col-100 elementor-top-column elementor-element elementor-element-696e959\" data-id=\"696e959\" data-element_type=\"column\">\n\t\t\t<div class=\"elementor-widget-wrap elementor-element-populated\">\n\t\t\t\t\t\t<div class=\"elementor-element elementor-element-58ec72d elementor-widget elementor-widget-button\" data-id=\"58ec72d\" data-element_type=\"widget\" data-widget_type=\"button.default\">\n\t\t\t\t<div class=\"elementor-widget-container\">\n\t\t\t\t\t\t\t\t\t<div class=\"elementor-button-wrapper\">\n\t\t\t\t\t<a class=\"elementor-button elementor-button-link elementor-size-sm\" href=\"https:\/\/test.quiropraxiaemsantos.com.br\/index.php\/alerta-a-populacao-brasileira\/\">\n\t\t\t\t\t\t<span class=\"elementor-button-content-wrapper\">\n\t\t\t\t\t\t\t\t\t<span class=\"elementor-button-text\">Alerta a popula\u00e7\u00e3o brasileira<\/span>\n\t\t\t\t\t<\/span>\n\t\t\t\t\t<\/a>\n\t\t\t\t<\/div>\n\t\t\t\t\t\t\t\t<\/div>\n\t\t\t\t<\/div>\n\t\t\t\t\t<\/div>\n\t\t<\/div>\n\t\t\t\t\t<\/div>\n\t\t<\/section>\n\t\t\t\t<section class=\"elementor-section elementor-top-section elementor-element elementor-element-2ce2051 elementor-section-boxed elementor-section-height-default elementor-section-height-default\" data-id=\"2ce2051\" data-element_type=\"section\">\n\t\t\t\t\t\t<div class=\"elementor-container elementor-column-gap-default\">\n\t\t\t\t\t<div class=\"elementor-column elementor-col-100 elementor-top-column elementor-element elementor-element-06dbf1a\" data-id=\"06dbf1a\" data-element_type=\"column\">\n\t\t\t<div class=\"elementor-widget-wrap elementor-element-populated\">\n\t\t\t\t\t\t<div class=\"elementor-element elementor-element-9e7b55f elementor-widget elementor-widget-text-editor\" data-id=\"9e7b55f\" data-element_type=\"widget\" data-widget_type=\"text-editor.default\">\n\t\t\t\t<div class=\"elementor-widget-container\">\n\t\t\t\t\t\t\t\t\t<p>A palavra Quiropraxia origina do grego que singnifica QUIROS=m\u00e3o e PR\u00c1XIS= fazer, ent\u00e3o quiropraxia \u00e9 fazer com as m\u00e3os. Trazendo para atua\u00e7\u00e3o profissional a Quiropraxia \u00e9 a ci\u00eancia, arte de tratar os problemas de sa\u00fade com as m\u00e3os.<\/p><p>A Quiropraxia n\u00e3o \u00e9 apenas trata a doen\u00e7a, mas tamb\u00e9m promove a preven\u00e7\u00e3o da sa\u00fade atrav\u00e9s da restaura\u00e7\u00e3o e facilita\u00e7\u00e3o do equil\u00edbrio estrutural, primariamente representado pela Coluna Vertebral e coordenado especialmente pelo Sistema Nervoso.<\/p><p>Quando ocorre uma disfun\u00e7\u00e3o biomec\u00e2nica articular, principalmente na coluna vertebral, provocada por uma v\u00e9rtebra (subluxada) (altera\u00e7\u00e3o de posicionamento e mobilidade), a m\u00ednima press\u00e3o, pode interferir na transmiss\u00e3o do impulso nervoso e a regi\u00e3o inervada n\u00e3o responder\u00e1 com sua plena capacidade de execu\u00e7\u00e3o da sua fun\u00e7\u00e3o.<\/p><p>O ajuste Quiropr\u00e1xico (aplica\u00e7\u00e3o de for\u00e7a, velocidade, dire\u00e7\u00e3o e regi\u00e3o espec\u00edfica) corrige a subluxa\u00e7\u00e3o vertebral restabelecendo o fluxo de informa\u00e7\u00f5es neurol\u00f3gicas e a capacidade de auto-recupera\u00e7\u00e3o do organismo.<\/p>\t\t\t\t\t\t\t\t<\/div>\n\t\t\t\t<\/div>\n\t\t\t\t\t<\/div>\n\t\t<\/div>\n\t\t\t\t\t<\/div>\n\t\t<\/section>\n\t\t\t\t<section class=\"elementor-section elementor-top-section elementor-element elementor-element-01e8798 elementor-section-boxed elementor-section-height-default elementor-section-height-default\" data-id=\"01e8798\" data-element_type=\"section\">\n\t\t\t\t\t\t<div class=\"elementor-container elementor-column-gap-default\">\n\t\t\t\t\t<div class=\"elementor-column elementor-col-100 elementor-top-column elementor-element elementor-element-ec51831\" data-id=\"ec51831\" data-element_type=\"column\">\n\t\t\t<div class=\"elementor-widget-wrap elementor-element-populated\">\n\t\t\t\t\t\t<div class=\"elementor-element elementor-element-d274412 elementor-widget elementor-widget-button\" data-id=\"d274412\" data-element_type=\"widget\" data-widget_type=\"button.default\">\n\t\t\t\t<div class=\"elementor-widget-container\">\n\t\t\t\t\t\t\t\t\t<div class=\"elementor-button-wrapper\">\n\t\t\t\t\t<a class=\"elementor-button elementor-button-link elementor-size-sm\" href=\"https:\/\/test.quiropraxiaemsantos.com.br\/index.php\/desalinhamentos-e-sintomas\/\">\n\t\t\t\t\t\t<span class=\"elementor-button-content-wrapper\">\n\t\t\t\t\t\t\t\t\t<span class=\"elementor-button-text\">Desalinhamentos vertebrais e seus sintomas<\/span>\n\t\t\t\t\t<\/span>\n\t\t\t\t\t<\/a>\n\t\t\t\t<\/div>\n\t\t\t\t\t\t\t\t<\/div>\n\t\t\t\t<\/div>\n\t\t\t\t\t<\/div>\n\t\t<\/div>\n\t\t\t\t\t<\/div>\n\t\t<\/section>\n\t\t\t\t<\/div>\n\t\t","protected":false},"excerpt":{"rendered":"<p>O que \u00e9 Quiropraxia Quiropraxia no Brasil \u00e9 uma das Especialidades da Fisioterapia, reconhecida pela Organiza\u00e7\u00e3o Mundial da Sa\u00fade (OMS). De acordo com a resolu\u00e7\u00e3o Coffito n\u00ba 220, de 23 de maio de 2001, a quiropraxia \u00e9 uma Especialidade do Fisioterapeuta, profissional mais qualificado para pr\u00e1tica-la, o profissional responde por pr\u00e1ticas indevidas ou mal executadas, &hellip; <\/p>\n<p class=\"link-more\"><a href=\"https:\/\/test.quiropraxiaemsantos.com.br\/index.php\/o-que-e-quiropraxia\/\" class=\"more-link\">Continue lendo<span class=\"screen-reader-text\"> &#8220;O que \u00e9 Quiropraxia&#8221;<\/span><\/a><\/p>\n","protected":false},"author":1,"featured_media":0,"parent":0,"menu_order":0,"comment_status":"closed","ping_status":"closed","template":"elementor_header_footer","meta":{"footnotes":""},"class_list":["post-133","page","type-page","status-publish","hentry"],"_links":{"self":[{"href":"https:\/\/test.quiropraxiaemsantos.com.br\/index.php\/wp-json\/wp\/v2\/pages\/133","targetHints":{"allow":["GET"]}}],"collection":[{"href":"https:\/\/test.quiropraxiaemsantos.com.br\/index.php\/wp-json\/wp\/v2\/pages"}],"about":[{"href":"https:\/\/test.quiropraxiaemsantos.com.br\/index.php\/wp-json\/wp\/v2\/types\/page"}],"author":[{"embeddable":true,"href":"https:\/\/test.quiropraxiaemsantos.com.br\/index.php\/wp-json\/wp\/v2\/users\/1"}],"replies":[{"embeddable":true,"href":"https:\/\/test.quiropraxiaemsantos.com.br\/index.php\/wp-json\/wp\/v2\/comments?post=133"}],"version-history":[{"count":4,"href":"https:\/\/test.quiropraxiaemsantos.com.br\/index.php\/wp-json\/wp\/v2\/pages\/133\/revisions"}],"predecessor-version":[{"id":138,"href":"https:\/\/test.quiropraxiaemsantos.com.br\/index.php\/wp-json\/wp\/v2\/pages\/133\/revisions\/138"}],"wp:attachment":[{"href":"https:\/\/test.quiropraxiaemsantos.com.br\/index.php\/wp-json\/wp\/v2\/media?parent=133"}],"curies":[{"name":"wp","href":"https:\/\/api.w.org\/{rel}","templated":true}]}}