{"id":131,"date":"2022-09-05T14:12:24","date_gmt":"2022-09-05T17:12:24","guid":{"rendered":"https:\/\/test.quiropraxiaemsantos.com.br\/?page_id=131"},"modified":"2022-09-05T14:21:12","modified_gmt":"2022-09-05T17:21:12","slug":"alerta-a-populacao-brasileira","status":"publish","type":"page","link":"https:\/\/test.quiropraxiaemsantos.com.br\/index.php\/alerta-a-populacao-brasileira\/","title":{"rendered":"Alerta a popula\u00e7\u00e3o brasileira"},"content":{"rendered":"\t\t<div data-elementor-type=\"wp-page\" data-elementor-id=\"131\" class=\"elementor elementor-131\">\n\t\t\t\t\t\t<section class=\"elementor-section elementor-top-section elementor-element elementor-element-2786398 elementor-section-boxed elementor-section-height-default elementor-section-height-default\" data-id=\"2786398\" data-element_type=\"section\">\n\t\t\t\t\t\t<div class=\"elementor-container elementor-column-gap-default\">\n\t\t\t\t\t<div class=\"elementor-column elementor-col-100 elementor-top-column elementor-element elementor-element-15db421\" data-id=\"15db421\" data-element_type=\"column\">\n\t\t\t<div class=\"elementor-widget-wrap elementor-element-populated\">\n\t\t\t\t\t\t<div class=\"elementor-element elementor-element-d38bd35 elementor-widget elementor-widget-heading\" data-id=\"d38bd35\" data-element_type=\"widget\" data-widget_type=\"heading.default\">\n\t\t\t\t<div class=\"elementor-widget-container\">\n\t\t\t\t\t<h2 class=\"elementor-heading-title elementor-size-default\">Quiropraxia alerta a popula\u00e7\u00e3o brasileira<\/h2>\t\t\t\t<\/div>\n\t\t\t\t<\/div>\n\t\t\t\t<div class=\"elementor-element elementor-element-4c33379 elementor-widget elementor-widget-spacer\" data-id=\"4c33379\" data-element_type=\"widget\" data-widget_type=\"spacer.default\">\n\t\t\t\t<div class=\"elementor-widget-container\">\n\t\t\t\t\t\t\t<div class=\"elementor-spacer\">\n\t\t\t<div class=\"elementor-spacer-inner\"><\/div>\n\t\t<\/div>\n\t\t\t\t\t\t<\/div>\n\t\t\t\t<\/div>\n\t\t\t\t<div class=\"elementor-element elementor-element-2169c41 elementor-widget elementor-widget-text-editor\" data-id=\"2169c41\" data-element_type=\"widget\" data-widget_type=\"text-editor.default\">\n\t\t\t\t<div class=\"elementor-widget-container\">\n\t\t\t\t\t\t\t\t\t<p>O Conselho Federal de Fisioterapia e Terapia Ocupacional (COFFITO) comunica a popula\u00e7\u00e3o brasileira que, a profiss\u00e3o de Quiropraxia n\u00e3o se encontra regulamentada em nosso Pa\u00eds como profiss\u00e3o de n\u00edvel superior da \u00e1rea da Sa\u00fade.<\/p><p><span style=\"color: var( --e-global-color-text ); font-family: var( --e-global-typography-text-font-family ), Sans-serif; font-weight: var( --e-global-typography-text-font-weight ); font-size: 1rem;\">O exerc\u00edcio profissional da Quiropraxia por indiv\u00edduos que realizaram cursos de gradua\u00e7\u00e3o em Quiropraxia \u00e9 considerado no mundo jur\u00eddico, como exerc\u00edcio ilegal da profiss\u00e3o de fisioterapia, tendo em vista tratar-se de pr\u00e1tica pr\u00f3pria do profissional FISIOTERAPEUTA segundo disp\u00f5e o Decreto-Lei 938\/69, al\u00e9m de que a sua entidade maior de representa\u00e7\u00e3o (COFFITO) a reconhece, inclusive, como \u00e1rea de atua\u00e7\u00e3o do Fisioterapeuta e como especialidade profissional.<\/span><\/p>\t\t\t\t\t\t\t\t<\/div>\n\t\t\t\t<\/div>\n\t\t\t\t\t<\/div>\n\t\t<\/div>\n\t\t\t\t\t<\/div>\n\t\t<\/section>\n\t\t\t\t<\/div>\n\t\t","protected":false},"excerpt":{"rendered":"<p>Quiropraxia alerta a popula\u00e7\u00e3o brasileira O Conselho Federal de Fisioterapia e Terapia Ocupacional (COFFITO) comunica a popula\u00e7\u00e3o brasileira que, a profiss\u00e3o de Quiropraxia n\u00e3o se encontra regulamentada em nosso Pa\u00eds como profiss\u00e3o de n\u00edvel superior da \u00e1rea da Sa\u00fade. O exerc\u00edcio profissional da Quiropraxia por indiv\u00edduos que realizaram cursos de gradua\u00e7\u00e3o em Quiropraxia \u00e9 considerado &hellip; <\/p>\n<p class=\"link-more\"><a href=\"https:\/\/test.quiropraxiaemsantos.com.br\/index.php\/alerta-a-populacao-brasileira\/\" class=\"more-link\">Continue lendo<span class=\"screen-reader-text\"> &#8220;Alerta a popula\u00e7\u00e3o brasileira&#8221;<\/span><\/a><\/p>\n","protected":false},"author":1,"featured_media":0,"parent":0,"menu_order":0,"comment_status":"closed","ping_status":"closed","template":"elementor_header_footer","meta":{"footnotes":""},"class_list":["post-131","page","type-page","status-publish","hentry"],"_links":{"self":[{"href":"https:\/\/test.quiropraxiaemsantos.com.br\/index.php\/wp-json\/wp\/v2\/pages\/131","targetHints":{"allow":["GET"]}}],"collection":[{"href":"https:\/\/test.quiropraxiaemsantos.com.br\/index.php\/wp-json\/wp\/v2\/pages"}],"about":[{"href":"https:\/\/test.quiropraxiaemsantos.com.br\/index.php\/wp-json\/wp\/v2\/types\/page"}],"author":[{"embeddable":true,"href":"https:\/\/test.quiropraxiaemsantos.com.br\/index.php\/wp-json\/wp\/v2\/users\/1"}],"replies":[{"embeddable":true,"href":"https:\/\/test.quiropraxiaemsantos.com.br\/index.php\/wp-json\/wp\/v2\/comments?post=131"}],"version-history":[{"count":4,"href":"https:\/\/test.quiropraxiaemsantos.com.br\/index.php\/wp-json\/wp\/v2\/pages\/131\/revisions"}],"predecessor-version":[{"id":142,"href":"https:\/\/test.quiropraxiaemsantos.com.br\/index.php\/wp-json\/wp\/v2\/pages\/131\/revisions\/142"}],"wp:attachment":[{"href":"https:\/\/test.quiropraxiaemsantos.com.br\/index.php\/wp-json\/wp\/v2\/media?parent=131"}],"curies":[{"name":"wp","href":"https:\/\/api.w.org\/{rel}","templated":true}]}}