{"id":129,"date":"2022-09-05T14:11:56","date_gmt":"2022-09-05T17:11:56","guid":{"rendered":"https:\/\/test.quiropraxiaemsantos.com.br\/?page_id=129"},"modified":"2022-09-05T15:17:30","modified_gmt":"2022-09-05T18:17:30","slug":"desalinhamentos-e-sintomas","status":"publish","type":"page","link":"https:\/\/test.quiropraxiaemsantos.com.br\/index.php\/desalinhamentos-e-sintomas\/","title":{"rendered":"Desalinhamentos e sintomas"},"content":{"rendered":"\t\t<div data-elementor-type=\"wp-page\" data-elementor-id=\"129\" class=\"elementor elementor-129\">\n\t\t\t\t\t\t<section class=\"elementor-section elementor-top-section elementor-element elementor-element-16b81e8 elementor-section-boxed elementor-section-height-default elementor-section-height-default\" data-id=\"16b81e8\" data-element_type=\"section\">\n\t\t\t\t\t\t<div class=\"elementor-container elementor-column-gap-default\">\n\t\t\t\t\t<div class=\"elementor-column elementor-col-100 elementor-top-column elementor-element elementor-element-3826595\" data-id=\"3826595\" data-element_type=\"column\">\n\t\t\t<div class=\"elementor-widget-wrap elementor-element-populated\">\n\t\t\t\t\t\t<div class=\"elementor-element elementor-element-4e4ea53 elementor-widget elementor-widget-heading\" data-id=\"4e4ea53\" data-element_type=\"widget\" data-widget_type=\"heading.default\">\n\t\t\t\t<div class=\"elementor-widget-container\">\n\t\t\t\t\t<h2 class=\"elementor-heading-title elementor-size-default\">Desalinhamentos vertebrais e seus sintomas<\/h2>\t\t\t\t<\/div>\n\t\t\t\t<\/div>\n\t\t\t\t\t<\/div>\n\t\t<\/div>\n\t\t\t\t\t<\/div>\n\t\t<\/section>\n\t\t\t\t<section class=\"elementor-section elementor-top-section elementor-element elementor-element-1a357b2 elementor-section-boxed elementor-section-height-default elementor-section-height-default\" data-id=\"1a357b2\" data-element_type=\"section\">\n\t\t\t\t\t\t<div class=\"elementor-container elementor-column-gap-default\">\n\t\t\t\t\t<div class=\"elementor-column elementor-col-100 elementor-top-column elementor-element elementor-element-f2de145\" data-id=\"f2de145\" data-element_type=\"column\">\n\t\t\t<div class=\"elementor-widget-wrap elementor-element-populated\">\n\t\t\t\t\t\t<div class=\"elementor-element elementor-element-f0b87d0 elementor-widget elementor-widget-text-editor\" data-id=\"f0b87d0\" data-element_type=\"widget\" data-widget_type=\"text-editor.default\">\n\t\t\t\t<div class=\"elementor-widget-container\">\n\t\t\t\t\t\t\t\t\t<p>O sistema nervoso controla e coordena todos os \u00f3rg\u00e3os e estruturas do corpo humano . Um deslinhamento da coluna vertebral pode causar irrita\u00e7\u00e3o ao sistema nervoso e afetar o funcionamento de estruturas, \u00f3rg\u00e3os e fun\u00e7\u00f5es do organismo.<\/p><p>A Quiropraxia (do grego: quiro- m\u00e3os e praxis-praticar = \u201cpraticar com as m\u00e3os\u201d), tratamento amplamente utilizado e consagrado nos Estados Unidos e Europa, \u00e9 capaz de diagnosticar, prevenir e tratar estes desalinhamentos, corrigindo as consequentes disfun\u00e7\u00f5es do sistema nervoso.<\/p><p>A Quiropraxia restaura as propriedades biomec\u00e2nicas da coluna por meio de t\u00e9cnicas espec\u00edficas de ajustamento articular (manipula\u00e7\u00f5es vertebrais ou articulares), permitindo que o sistema nervoso volte a funcionar adequadamente. Assim, nosso organismo volta a ser capaz de se auto curar.<\/p>\t\t\t\t\t\t\t\t<\/div>\n\t\t\t\t<\/div>\n\t\t\t\t\t<\/div>\n\t\t<\/div>\n\t\t\t\t\t<\/div>\n\t\t<\/section>\n\t\t\t\t<section class=\"elementor-section elementor-top-section elementor-element elementor-element-79b0367 elementor-section-boxed elementor-section-height-default elementor-section-height-default\" data-id=\"79b0367\" data-element_type=\"section\">\n\t\t\t\t\t\t<div class=\"elementor-container elementor-column-gap-default\">\n\t\t\t\t\t<div class=\"elementor-column elementor-col-100 elementor-top-column elementor-element elementor-element-b7a72af\" data-id=\"b7a72af\" data-element_type=\"column\">\n\t\t\t<div class=\"elementor-widget-wrap elementor-element-populated\">\n\t\t\t\t\t\t<div class=\"elementor-element elementor-element-51d993f elementor-widget elementor-widget-spacer\" data-id=\"51d993f\" data-element_type=\"widget\" data-widget_type=\"spacer.default\">\n\t\t\t\t<div class=\"elementor-widget-container\">\n\t\t\t\t\t\t\t<div class=\"elementor-spacer\">\n\t\t\t<div class=\"elementor-spacer-inner\"><\/div>\n\t\t<\/div>\n\t\t\t\t\t\t<\/div>\n\t\t\t\t<\/div>\n\t\t\t\t\t<\/div>\n\t\t<\/div>\n\t\t\t\t\t<\/div>\n\t\t<\/section>\n\t\t\t\t<section class=\"elementor-section elementor-top-section elementor-element elementor-element-4406efa elementor-section-boxed elementor-section-height-default elementor-section-height-default\" data-id=\"4406efa\" data-element_type=\"section\">\n\t\t\t\t\t\t<div class=\"elementor-container elementor-column-gap-default\">\n\t\t\t\t\t<div class=\"elementor-column elementor-col-100 elementor-top-column elementor-element elementor-element-f8d0961\" data-id=\"f8d0961\" data-element_type=\"column\">\n\t\t\t<div class=\"elementor-widget-wrap elementor-element-populated\">\n\t\t\t\t\t\t<div class=\"elementor-element elementor-element-371eb21 elementor-widget elementor-widget-heading\" data-id=\"371eb21\" data-element_type=\"widget\" data-widget_type=\"heading.default\">\n\t\t\t\t<div class=\"elementor-widget-container\">\n\t\t\t\t\t<h2 class=\"elementor-heading-title elementor-size-default\">Desalinhamentos das seguintes v\u00e9rtebras podem comprometer os seguintes \u00f3rg\u00e3os e gerar os seguintes sintomas:<\/h2>\t\t\t\t<\/div>\n\t\t\t\t<\/div>\n\t\t\t\t\t<\/div>\n\t\t<\/div>\n\t\t\t\t\t<\/div>\n\t\t<\/section>\n\t\t\t\t<section class=\"elementor-section elementor-top-section elementor-element elementor-element-9267145 elementor-section-boxed elementor-section-height-default elementor-section-height-default\" data-id=\"9267145\" data-element_type=\"section\">\n\t\t\t\t\t\t<div class=\"elementor-container elementor-column-gap-default\">\n\t\t\t\t\t<div class=\"elementor-column elementor-col-100 elementor-top-column elementor-element elementor-element-614df5e\" data-id=\"614df5e\" data-element_type=\"column\">\n\t\t\t<div class=\"elementor-widget-wrap elementor-element-populated\">\n\t\t\t\t\t\t<div class=\"elementor-element elementor-element-aa60227 elementor-widget elementor-widget-image\" data-id=\"aa60227\" data-element_type=\"widget\" data-widget_type=\"image.default\">\n\t\t\t\t<div class=\"elementor-widget-container\">\n\t\t\t\t\t\t\t\t\t\t\t\t\t\t\t<img fetchpriority=\"high\" decoding=\"async\" width=\"828\" height=\"806\" src=\"https:\/\/test.quiropraxiaemsantos.com.br\/wp-content\/uploads\/2022\/09\/pontos-da-coluna-large.jpg\" class=\"attachment-full size-full wp-image-176\" alt=\"\" srcset=\"https:\/\/test.quiropraxiaemsantos.com.br\/wp-content\/uploads\/2022\/09\/pontos-da-coluna-large.jpg 828w, https:\/\/test.quiropraxiaemsantos.com.br\/wp-content\/uploads\/2022\/09\/pontos-da-coluna-large-300x292.jpg 300w, https:\/\/test.quiropraxiaemsantos.com.br\/wp-content\/uploads\/2022\/09\/pontos-da-coluna-large-768x748.jpg 768w\" sizes=\"100vw\" \/>\t\t\t\t\t\t\t\t\t\t\t\t\t\t\t<\/div>\n\t\t\t\t<\/div>\n\t\t\t\t\t<\/div>\n\t\t<\/div>\n\t\t\t\t\t<\/div>\n\t\t<\/section>\n\t\t\t\t<\/div>\n\t\t","protected":false},"excerpt":{"rendered":"<p>Desalinhamentos vertebrais e seus sintomas O sistema nervoso controla e coordena todos os \u00f3rg\u00e3os e estruturas do corpo humano . Um deslinhamento da coluna vertebral pode causar irrita\u00e7\u00e3o ao sistema nervoso e afetar o funcionamento de estruturas, \u00f3rg\u00e3os e fun\u00e7\u00f5es do organismo. A Quiropraxia (do grego: quiro- m\u00e3os e praxis-praticar = \u201cpraticar com as m\u00e3os\u201d), &hellip; <\/p>\n<p class=\"link-more\"><a href=\"https:\/\/test.quiropraxiaemsantos.com.br\/index.php\/desalinhamentos-e-sintomas\/\" class=\"more-link\">Continue lendo<span class=\"screen-reader-text\"> &#8220;Desalinhamentos e sintomas&#8221;<\/span><\/a><\/p>\n","protected":false},"author":1,"featured_media":0,"parent":0,"menu_order":0,"comment_status":"closed","ping_status":"closed","template":"elementor_header_footer","meta":{"footnotes":""},"class_list":["post-129","page","type-page","status-publish","hentry"],"_links":{"self":[{"href":"https:\/\/test.quiropraxiaemsantos.com.br\/index.php\/wp-json\/wp\/v2\/pages\/129","targetHints":{"allow":["GET"]}}],"collection":[{"href":"https:\/\/test.quiropraxiaemsantos.com.br\/index.php\/wp-json\/wp\/v2\/pages"}],"about":[{"href":"https:\/\/test.quiropraxiaemsantos.com.br\/index.php\/wp-json\/wp\/v2\/types\/page"}],"author":[{"embeddable":true,"href":"https:\/\/test.quiropraxiaemsantos.com.br\/index.php\/wp-json\/wp\/v2\/users\/1"}],"replies":[{"embeddable":true,"href":"https:\/\/test.quiropraxiaemsantos.com.br\/index.php\/wp-json\/wp\/v2\/comments?post=129"}],"version-history":[{"count":7,"href":"https:\/\/test.quiropraxiaemsantos.com.br\/index.php\/wp-json\/wp\/v2\/pages\/129\/revisions"}],"predecessor-version":[{"id":195,"href":"https:\/\/test.quiropraxiaemsantos.com.br\/index.php\/wp-json\/wp\/v2\/pages\/129\/revisions\/195"}],"wp:attachment":[{"href":"https:\/\/test.quiropraxiaemsantos.com.br\/index.php\/wp-json\/wp\/v2\/media?parent=129"}],"curies":[{"name":"wp","href":"https:\/\/api.w.org\/{rel}","templated":true}]}}